{"id":96865,"date":"2019-04-08T13:27:36","date_gmt":"2019-04-08T13:27:36","guid":{"rendered":"https:\/\/alex0165-tp.supserv.cozmoslabs.com\/?page_id=96865"},"modified":"2021-10-25T14:19:11","modified_gmt":"2021-10-25T12:19:11","slug":"disclaimer","status":"publish","type":"page","link":"https:\/\/alex0165-tp.supserv.cozmoslabs.com\/de\/haftungsausschluss\/","title":{"rendered":"Haftungsausschluss"},"content":{"rendered":"<div data-elementor-type=\"wp-post\" data-elementor-id=\"96865\" class=\"elementor elementor-96865\">\n\t\t\t\t\t\t\t\t\t<section class=\"elementor-section elementor-top-section elementor-element elementor-element-3aa4d314 elementor-section-boxed elementor-section-height-default elementor-section-height-default\" data-id=\"3aa4d314\" data-element_type=\"section\">\n\t\t\t\t\t\t<div class=\"elementor-container elementor-column-gap-wide\">\n\t\t\t\t\t<div class=\"elementor-column elementor-col-100 elementor-top-column elementor-element elementor-element-32fb970\" data-id=\"32fb970\" data-element_type=\"column\">\n\t\t\t<div class=\"elementor-widget-wrap elementor-element-populated\">\n\t\t\t\t\t\t\t\t<div class=\"elementor-element elementor-element-ccc56c2 elementor-widget elementor-widget-text-editor\" data-id=\"ccc56c2\" data-element_type=\"widget\" data-widget_type=\"text-editor.default\">\n\t\t\t\t<div class=\"elementor-widget-container\">\n\t\t\t\t\t\t\t<p>Zazuhome hat die Inhalte bei der Zusammenstellung dieser Website mit gr\u00f6\u00dftm\u00f6glicher Sorgfalt behandelt. Zazuhome kann jedoch weder die Vollst\u00e4ndigkeit und Richtigkeit der bereitgestellten Informationen noch die Folgen des Handelns auf der Grundlage der \u00fcber diese Website verf\u00fcgbaren Informationen garantieren.<\/p><p>Wir bem\u00fchen uns, die Website so einfach und benutzerfreundlich wie m\u00f6glich zu halten. Deshalb bieten wir die Informationen auf dieser Website so vollst\u00e4ndig, richtig, aktuell und zug\u00e4nglich wie m\u00f6glich an. Die Seite wird daher st\u00e4ndig weiterentwickelt.<\/p><p>Sie haben Anregungen, Fragen oder Anmerkungen zum Inhalt der Website? Dann senden Sie uns eine Nachricht. Wir w\u00fcrden auch gerne von Ihnen h\u00f6ren, wenn Sie der Meinung sind, dass die Website Fehler enth\u00e4lt, unvollst\u00e4ndig ist oder verbessert werden kann.<\/p><p>Diese Website wird unter der Verantwortung der Gesch\u00e4ftsf\u00fchrung von Zazuhome erstellt.<\/p><p>Das Urheberrecht an der Website bleibt Zazuhome ausdr\u00fccklich vorbehalten.<\/p><p>Dritte d\u00fcrfen Teile des Inhalts dieser Website unter Angabe der Quelle kopieren.<\/p>\t\t\t\t\t\t<\/div>\n\t\t\t\t<\/div>\n\t\t\t\t\t<\/div>\n\t\t<\/div>\n\t\t\t\t\t\t\t<\/div>\n\t\t<\/section>\n\t\t\t\t\t\t\t<\/div>","protected":false},"excerpt":{"rendered":"<p>Zazuhome hat die Inhalte bei der Zusammenstellung dieser Website mit gr\u00f6\u00dftm\u00f6glicher Sorgfalt behandelt. Zazuhome kann jedoch keine Gew\u00e4hr f\u00fcr die Vollst\u00e4ndigkeit und Richtigkeit der bereitgestellten Informationen sowie f\u00fcr eventuelle<\/p>","protected":false},"author":1,"featured_media":0,"parent":0,"menu_order":0,"comment_status":"closed","ping_status":"closed","template":"template-page-sidebar-left.php","meta":[],"_links":{"self":[{"href":"https:\/\/alex0165-tp.supserv.cozmoslabs.com\/de\/wp-json\/wp\/v2\/pages\/96865"}],"collection":[{"href":"https:\/\/alex0165-tp.supserv.cozmoslabs.com\/de\/wp-json\/wp\/v2\/pages"}],"about":[{"href":"https:\/\/alex0165-tp.supserv.cozmoslabs.com\/de\/wp-json\/wp\/v2\/types\/page"}],"author":[{"embeddable":true,"href":"https:\/\/alex0165-tp.supserv.cozmoslabs.com\/de\/wp-json\/wp\/v2\/users\/1"}],"replies":[{"embeddable":true,"href":"https:\/\/alex0165-tp.supserv.cozmoslabs.com\/de\/wp-json\/wp\/v2\/comments?post=96865"}],"version-history":[{"count":0,"href":"https:\/\/alex0165-tp.supserv.cozmoslabs.com\/de\/wp-json\/wp\/v2\/pages\/96865\/revisions"}],"wp:attachment":[{"href":"https:\/\/alex0165-tp.supserv.cozmoslabs.com\/de\/wp-json\/wp\/v2\/media?parent=96865"}],"curies":[{"name":"wp","href":"https:\/\/api.w.org\/{rel}","templated":true}]}}